{"id":694,"date":"2020-10-02T13:09:24","date_gmt":"2020-10-02T16:09:24","guid":{"rendered":"https:\/\/ingraphics.com.br\/marketing\/?page_id=694"},"modified":"2021-08-13T11:24:26","modified_gmt":"2021-08-13T14:24:26","slug":"politica-de-privacidade","status":"publish","type":"page","link":"https:\/\/ingraphics.com.br\/marketing\/politica-de-privacidade\/","title":{"rendered":"Pol\u00edtica de privacidade"},"content":{"rendered":"\t\t<div data-elementor-type=\"wp-page\" data-elementor-id=\"694\" class=\"elementor elementor-694\" data-elementor-post-type=\"page\">\n\t\t\t\t\t\t<section class=\"elementor-section elementor-top-section elementor-element elementor-element-3a2a2d2 elementor-section-boxed elementor-section-height-default elementor-section-height-default\" data-id=\"3a2a2d2\" data-element_type=\"section\">\n\t\t\t\t\t\t<div class=\"elementor-container elementor-column-gap-default\">\n\t\t\t\t\t<div class=\"elementor-column elementor-col-100 elementor-top-column elementor-element elementor-element-5d3a0ee\" data-id=\"5d3a0ee\" data-element_type=\"column\">\n\t\t\t<div class=\"elementor-widget-wrap elementor-element-populated\">\n\t\t\t\t\t\t<div class=\"elementor-element elementor-element-441205f elementor-view-framed elementor-shape-circle elementor-widget elementor-widget-icon\" data-id=\"441205f\" data-element_type=\"widget\" data-widget_type=\"icon.default\">\n\t\t\t\t<div class=\"elementor-widget-container\">\n\t\t\t\t\t<div class=\"elementor-icon-wrapper\">\n\t\t\t<div class=\"elementor-icon\">\n\t\t\t<i aria-hidden=\"true\" class=\"fas fa-unlock-alt\"><\/i>\t\t\t<\/div>\n\t\t<\/div>\n\t\t\t\t<\/div>\n\t\t\t\t<\/div>\n\t\t\t\t<div class=\"elementor-element elementor-element-a8132b7 elementor-widget elementor-widget-heading\" data-id=\"a8132b7\" data-element_type=\"widget\" data-widget_type=\"heading.default\">\n\t\t\t\t<div class=\"elementor-widget-container\">\n\t\t\t<h1 class=\"elementor-heading-title elementor-size-xl\">pol\u00edtica de privacidade<\/h1>\t\t<\/div>\n\t\t\t\t<\/div>\n\t\t\t\t<div class=\"elementor-element elementor-element-ce669b5 elementor-tabs-view-vertical elementor-widget elementor-widget-tabs\" data-id=\"ce669b5\" data-element_type=\"widget\" data-widget_type=\"tabs.default\">\n\t\t\t\t<div class=\"elementor-widget-container\">\n\t\t\t\t\t<div class=\"elementor-tabs\">\n\t\t\t<div class=\"elementor-tabs-wrapper\" role=\"tablist\" >\n\t\t\t\t\t\t\t\t\t<div id=\"elementor-tab-title-2161\" class=\"elementor-tab-title elementor-tab-desktop-title\" aria-selected=\"true\" data-tab=\"1\" role=\"tab\" tabindex=\"0\" aria-controls=\"elementor-tab-content-2161\" aria-expanded=\"false\">Geral<\/div>\n\t\t\t\t\t\t\t\t\t<div id=\"elementor-tab-title-2162\" class=\"elementor-tab-title elementor-tab-desktop-title\" aria-selected=\"false\" data-tab=\"2\" role=\"tab\" tabindex=\"-1\" aria-controls=\"elementor-tab-content-2162\" aria-expanded=\"false\">Privacidade<\/div>\n\t\t\t\t\t\t\t\t\t<div id=\"elementor-tab-title-2163\" class=\"elementor-tab-title elementor-tab-desktop-title\" aria-selected=\"false\" data-tab=\"3\" role=\"tab\" tabindex=\"-1\" aria-controls=\"elementor-tab-content-2163\" aria-expanded=\"false\">Solicitamos<\/div>\n\t\t\t\t\t\t\t\t\t<div id=\"elementor-tab-title-2164\" class=\"elementor-tab-title elementor-tab-desktop-title\" aria-selected=\"false\" data-tab=\"4\" role=\"tab\" tabindex=\"-1\" aria-controls=\"elementor-tab-content-2164\" aria-expanded=\"false\">Armazenamento<\/div>\n\t\t\t\t\t\t\t\t\t<div id=\"elementor-tab-title-2165\" class=\"elementor-tab-title elementor-tab-desktop-title\" aria-selected=\"false\" data-tab=\"5\" role=\"tab\" tabindex=\"-1\" aria-controls=\"elementor-tab-content-2165\" aria-expanded=\"false\">Links Externos<\/div>\n\t\t\t\t\t\t\t\t\t<div id=\"elementor-tab-title-2166\" class=\"elementor-tab-title elementor-tab-desktop-title\" aria-selected=\"false\" data-tab=\"6\" role=\"tab\" tabindex=\"-1\" aria-controls=\"elementor-tab-content-2166\" aria-expanded=\"false\">Observa\u00e7\u00f5es<\/div>\n\t\t\t\t\t\t\t<\/div>\n\t\t\t<div class=\"elementor-tabs-content-wrapper\" role=\"tablist\" aria-orientation=\"vertical\">\n\t\t\t\t\t\t\t\t\t<div class=\"elementor-tab-title elementor-tab-mobile-title\" aria-selected=\"true\" data-tab=\"1\" role=\"tab\" tabindex=\"0\" aria-controls=\"elementor-tab-content-2161\" aria-expanded=\"false\">Geral<\/div>\n\t\t\t\t\t<div id=\"elementor-tab-content-2161\" class=\"elementor-tab-content elementor-clearfix\" data-tab=\"1\" role=\"tabpanel\" aria-labelledby=\"elementor-tab-title-2161\" tabindex=\"0\" hidden=\"false\"><p>Voc\u00ea \u00e9 livre para recusar a nossa solicita\u00e7\u00e3o de informa\u00e7\u00f5es pessoais, entendendo que talvez n\u00e3o possamos fornecer alguns dos servi\u00e7os desejados. O uso continuado de nosso site ser\u00e1 considerado como aceita\u00e7\u00e3o de nossas pr\u00e1ticas em torno de privacidade e informa\u00e7\u00f5es pessoais.<\/p><p>Se voc\u00ea tiver alguma d\u00favida sobre como lidamos com dados do usu\u00e1rio e informa\u00e7\u00f5es pessoais, entre em contato conosco.<\/p><\/div>\n\t\t\t\t\t\t\t\t\t<div class=\"elementor-tab-title elementor-tab-mobile-title\" aria-selected=\"false\" data-tab=\"2\" role=\"tab\" tabindex=\"-1\" aria-controls=\"elementor-tab-content-2162\" aria-expanded=\"false\">Privacidade<\/div>\n\t\t\t\t\t<div id=\"elementor-tab-content-2162\" class=\"elementor-tab-content elementor-clearfix\" data-tab=\"2\" role=\"tabpanel\" aria-labelledby=\"elementor-tab-title-2162\" tabindex=\"0\" hidden=\"hidden\"><p>A sua privacidade \u00e9 muito importante para n\u00f3s. \u00c9 pol\u00edtica da<strong>\u00a0<span class=\"has-inline-color has-neve-button-color-color\">Ingraphics Solu\u00e7\u00f5es &amp; Imagens<\/span><\/strong>\u00a0respeitar a sua privacidade em rela\u00e7\u00e3o a qualquer informa\u00e7\u00e3o sua que possamos coletar no site.<\/p><\/div>\n\t\t\t\t\t\t\t\t\t<div class=\"elementor-tab-title elementor-tab-mobile-title\" aria-selected=\"false\" data-tab=\"3\" role=\"tab\" tabindex=\"-1\" aria-controls=\"elementor-tab-content-2163\" aria-expanded=\"false\">Solicitamos<\/div>\n\t\t\t\t\t<div id=\"elementor-tab-content-2163\" class=\"elementor-tab-content elementor-clearfix\" data-tab=\"3\" role=\"tabpanel\" aria-labelledby=\"elementor-tab-title-2163\" tabindex=\"0\" hidden=\"hidden\"><p>\u00a0Apenas informa\u00e7\u00f5es pessoais quando realmente precisamos delas para lhe fornecer uma consultoria gratuita. Fazemos por meios justos e legais, com o seu conhecimento e consentimento.<\/p><p>Tamb\u00e9m informamos por que estamos coletando e como ser\u00e1 usado. Apenas retemos as informa\u00e7\u00f5es coletadas pelo tempo necess\u00e1rio para fornecer a consultoria e ou servi\u00e7o solicitado.<\/p><\/div>\n\t\t\t\t\t\t\t\t\t<div class=\"elementor-tab-title elementor-tab-mobile-title\" aria-selected=\"false\" data-tab=\"4\" role=\"tab\" tabindex=\"-1\" aria-controls=\"elementor-tab-content-2164\" aria-expanded=\"false\">Armazenamento<\/div>\n\t\t\t\t\t<div id=\"elementor-tab-content-2164\" class=\"elementor-tab-content elementor-clearfix\" data-tab=\"4\" role=\"tabpanel\" aria-labelledby=\"elementor-tab-title-2164\" tabindex=\"0\" hidden=\"hidden\"><p>Quando armazenamos dados, protegemos dentro de meios comercialmente aceit\u00e1veis \u200b\u200bpara evitar perdas e roubos, bem como acesso, divulga\u00e7\u00e3o, c\u00f3pia, uso ou modifica\u00e7\u00e3o n\u00e3o autorizados. N\u00e3o compartilhamos informa\u00e7\u00f5es de identifica\u00e7\u00e3o pessoal publicamente ou com terceiros, exceto quando exigido por lei.<\/p><\/div>\n\t\t\t\t\t\t\t\t\t<div class=\"elementor-tab-title elementor-tab-mobile-title\" aria-selected=\"false\" data-tab=\"5\" role=\"tab\" tabindex=\"-1\" aria-controls=\"elementor-tab-content-2165\" aria-expanded=\"false\">Links Externos<\/div>\n\t\t\t\t\t<div id=\"elementor-tab-content-2165\" class=\"elementor-tab-content elementor-clearfix\" data-tab=\"5\" role=\"tabpanel\" aria-labelledby=\"elementor-tab-title-2165\" tabindex=\"0\" hidden=\"hidden\"><p>O nosso site pode ter links para sites externos que n\u00e3o s\u00e3o operados por n\u00f3s. Esteja ciente de que n\u00e3o temos controle sobre o conte\u00fado e pr\u00e1ticas desses sites e n\u00e3o podemos aceitar responsabilidade por suas respectivas pol\u00edticas de privacidade.<\/p><\/div>\n\t\t\t\t\t\t\t\t\t<div class=\"elementor-tab-title elementor-tab-mobile-title\" aria-selected=\"false\" data-tab=\"6\" role=\"tab\" tabindex=\"-1\" aria-controls=\"elementor-tab-content-2166\" aria-expanded=\"false\">Observa\u00e7\u00f5es<\/div>\n\t\t\t\t\t<div id=\"elementor-tab-content-2166\" class=\"elementor-tab-content elementor-clearfix\" data-tab=\"6\" role=\"tabpanel\" aria-labelledby=\"elementor-tab-title-2166\" tabindex=\"0\" hidden=\"hidden\"><p>Esperemos que esteja esclarecido e, como mencionado anteriormente, se houver algo que voc\u00ea n\u00e3o tem certeza se precisa ou n\u00e3o, geralmente \u00e9 mais seguro deixar os cookies ativados, caso interaja com um dos recursos que voc\u00ea usa em nosso site. Esta pol\u00edtica \u00e9 efetiva a partir de Setembro de 2020.<\/p><\/div>\n\t\t\t\t\t\t\t<\/div>\n\t\t<\/div>\n\t\t\t\t<\/div>\n\t\t\t\t<\/div>\n\t\t\t\t\t<\/div>\n\t\t<\/div>\n\t\t\t\t\t<\/div>\n\t\t<\/section>\n\t\t\t\t<\/div>\n\t\t","protected":false},"excerpt":{"rendered":"<p>pol\u00edtica de privacidade Geral Privacidade Solicitamos Armazenamento Links Externos Observa\u00e7\u00f5es Geral Voc\u00ea \u00e9 livre para recusar a nossa solicita\u00e7\u00e3o de informa\u00e7\u00f5es pessoais, entendendo que talvez n\u00e3o possamos fornecer alguns dos servi\u00e7os desejados. O uso continuado de nosso site ser\u00e1 considerado como aceita\u00e7\u00e3o de nossas pr\u00e1ticas em torno de privacidade e informa\u00e7\u00f5es pessoais. Se voc\u00ea tiver [&hellip;]<\/p>\n","protected":false},"author":1,"featured_media":749,"parent":0,"menu_order":6,"comment_status":"closed","ping_status":"closed","template":"elementor_header_footer","meta":{"_acf_changed":false,"_mo_disable_npp":"","footnotes":""},"class_list":["post-694","page","type-page","status-publish","has-post-thumbnail","hentry"],"acf":[],"yoast_head":"<!-- This site is optimized with the Yoast SEO plugin v23.4 - https:\/\/yoast.com\/wordpress\/plugins\/seo\/ -->\n<title>Ingraphics Ag\u00eancia Digital | Pol\u00edtica de privacidade | Regi\u00e3o do ABC<\/title>\n<meta name=\"description\" content=\"marketing digital ag\u00eancia digital desenvolvimento web design gr\u00e1fico santo andr\u00e9 medi\u00e7\u00e3o de resultados gest\u00e3o de campanhas\" \/>\n<meta name=\"robots\" content=\"index, follow, max-snippet:-1, max-image-preview:large, max-video-preview:-1\" \/>\n<link rel=\"canonical\" href=\"https:\/\/ingraphics.com.br\/marketing\/politica-de-privacidade\/\" \/>\n<meta property=\"og:locale\" content=\"pt_BR\" \/>\n<meta property=\"og:type\" content=\"article\" \/>\n<meta property=\"og:title\" content=\"Ingraphics Ag\u00eancia Digital\" \/>\n<meta property=\"og:description\" content=\"marketing digital ag\u00eancia digital desenvolvimento web design gr\u00e1fico santo andr\u00e9 medi\u00e7\u00e3o de resultados gest\u00e3o de campanhas\" \/>\n<meta property=\"og:url\" content=\"https:\/\/ingraphics.com.br\/marketing\/politica-de-privacidade\/\" \/>\n<meta property=\"og:site_name\" content=\"Ingraphics Ag\u00eancia Digital\" \/>\n<meta property=\"article:publisher\" content=\"https:\/\/www.facebook.com\/ingraphicsbr\" \/>\n<meta property=\"article:modified_time\" content=\"2021-08-13T14:24:26+00:00\" \/>\n<meta property=\"og:image\" content=\"https:\/\/ingraphics.com.br\/marketing\/wp-content\/uploads\/2020\/10\/tamanho-facebook-1200-630-1.png\" \/>\n\t<meta property=\"og:image:width\" content=\"1200\" \/>\n\t<meta property=\"og:image:height\" content=\"630\" \/>\n\t<meta property=\"og:image:type\" content=\"image\/png\" \/>\n<meta name=\"twitter:card\" content=\"summary_large_image\" \/>\n<meta name=\"twitter:title\" content=\"Ingraphics Ag\u00eancia Digital\" \/>\n<meta name=\"twitter:description\" content=\"marketing digital ag\u00eancia digital desenvolvimento web design gr\u00e1fico santo andr\u00e9 medi\u00e7\u00e3o de resultados gest\u00e3o de campanhas\" \/>\n<meta name=\"twitter:image\" content=\"https:\/\/ingraphics.com.br\/marketing\/wp-content\/uploads\/2020\/10\/tamanho-twitter-1024-512-1.png\" \/>\n<meta name=\"twitter:label1\" content=\"Est. tempo de leitura\" \/>\n\t<meta name=\"twitter:data1\" content=\"2 minutos\" \/>\n<script type=\"application\/ld+json\" class=\"yoast-schema-graph\">{\"@context\":\"https:\/\/schema.org\",\"@graph\":[{\"@type\":\"WebPage\",\"@id\":\"https:\/\/ingraphics.com.br\/marketing\/politica-de-privacidade\/\",\"url\":\"https:\/\/ingraphics.com.br\/marketing\/politica-de-privacidade\/\",\"name\":\"Ingraphics Ag\u00eancia Digital | Pol\u00edtica de privacidade | Regi\u00e3o do ABC\",\"isPartOf\":{\"@id\":\"https:\/\/ingraphics.com.br\/marketing\/#website\"},\"primaryImageOfPage\":{\"@id\":\"https:\/\/ingraphics.com.br\/marketing\/politica-de-privacidade\/#primaryimage\"},\"image\":{\"@id\":\"https:\/\/ingraphics.com.br\/marketing\/politica-de-privacidade\/#primaryimage\"},\"thumbnailUrl\":\"https:\/\/ingraphics.com.br\/marketing\/wp-content\/uploads\/2020\/10\/tamanho-default-1080-1080-1.png\",\"datePublished\":\"2020-10-02T16:09:24+00:00\",\"dateModified\":\"2021-08-13T14:24:26+00:00\",\"description\":\"marketing digital ag\u00eancia digital desenvolvimento web design gr\u00e1fico santo andr\u00e9 medi\u00e7\u00e3o de resultados gest\u00e3o de campanhas\",\"breadcrumb\":{\"@id\":\"https:\/\/ingraphics.com.br\/marketing\/politica-de-privacidade\/#breadcrumb\"},\"inLanguage\":\"pt-BR\",\"potentialAction\":[{\"@type\":\"ReadAction\",\"target\":[\"https:\/\/ingraphics.com.br\/marketing\/politica-de-privacidade\/\"]}]},{\"@type\":\"ImageObject\",\"inLanguage\":\"pt-BR\",\"@id\":\"https:\/\/ingraphics.com.br\/marketing\/politica-de-privacidade\/#primaryimage\",\"url\":\"https:\/\/ingraphics.com.br\/marketing\/wp-content\/uploads\/2020\/10\/tamanho-default-1080-1080-1.png\",\"contentUrl\":\"https:\/\/ingraphics.com.br\/marketing\/wp-content\/uploads\/2020\/10\/tamanho-default-1080-1080-1.png\",\"width\":1080,\"height\":1080,\"caption\":\"Ingraphics Ag\u00eancia Digital\"},{\"@type\":\"BreadcrumbList\",\"@id\":\"https:\/\/ingraphics.com.br\/marketing\/politica-de-privacidade\/#breadcrumb\",\"itemListElement\":[{\"@type\":\"ListItem\",\"position\":1,\"name\":\"In\u00edcio\",\"item\":\"https:\/\/ingraphics.com.br\/marketing\/\"},{\"@type\":\"ListItem\",\"position\":2,\"name\":\"Pol\u00edtica de privacidade\"}]},{\"@type\":\"WebSite\",\"@id\":\"https:\/\/ingraphics.com.br\/marketing\/#website\",\"url\":\"https:\/\/ingraphics.com.br\/marketing\/\",\"name\":\"Ingraphics Ag\u00eancia Digital\",\"description\":\"CONQUISTE OS CLIENTES IDEAIS E VENDA MUITO MAIS!\",\"publisher\":{\"@id\":\"https:\/\/ingraphics.com.br\/marketing\/#organization\"},\"potentialAction\":[{\"@type\":\"SearchAction\",\"target\":{\"@type\":\"EntryPoint\",\"urlTemplate\":\"https:\/\/ingraphics.com.br\/marketing\/?s={search_term_string}\"},\"query-input\":{\"@type\":\"PropertyValueSpecification\",\"valueRequired\":true,\"valueName\":\"search_term_string\"}}],\"inLanguage\":\"pt-BR\"},{\"@type\":\"Organization\",\"@id\":\"https:\/\/ingraphics.com.br\/marketing\/#organization\",\"name\":\"Ingraphics Solu\u00e7\u00f5es & Imagens\",\"url\":\"https:\/\/ingraphics.com.br\/marketing\/\",\"logo\":{\"@type\":\"ImageObject\",\"inLanguage\":\"pt-BR\",\"@id\":\"https:\/\/ingraphics.com.br\/marketing\/#\/schema\/logo\/image\/\",\"url\":\"https:\/\/ingraphics.com.br\/marketing\/wp-content\/uploads\/2020\/08\/logo_site-02.png\",\"contentUrl\":\"https:\/\/ingraphics.com.br\/marketing\/wp-content\/uploads\/2020\/08\/logo_site-02.png\",\"width\":3508,\"height\":2480,\"caption\":\"Ingraphics Solu\u00e7\u00f5es & Imagens\"},\"image\":{\"@id\":\"https:\/\/ingraphics.com.br\/marketing\/#\/schema\/logo\/image\/\"},\"sameAs\":[\"https:\/\/www.facebook.com\/ingraphicsbr\",\"https:\/\/www.instagram.com\/ingraphicsad\/\"]}]}<\/script>\n<!-- \/ Yoast SEO plugin. -->","yoast_head_json":{"title":"Ingraphics Ag\u00eancia Digital | Pol\u00edtica de privacidade | Regi\u00e3o do ABC","description":"marketing digital ag\u00eancia digital desenvolvimento web design gr\u00e1fico santo andr\u00e9 medi\u00e7\u00e3o de resultados gest\u00e3o de campanhas","robots":{"index":"index","follow":"follow","max-snippet":"max-snippet:-1","max-image-preview":"max-image-preview:large","max-video-preview":"max-video-preview:-1"},"canonical":"https:\/\/ingraphics.com.br\/marketing\/politica-de-privacidade\/","og_locale":"pt_BR","og_type":"article","og_title":"Ingraphics Ag\u00eancia Digital","og_description":"marketing digital ag\u00eancia digital desenvolvimento web design gr\u00e1fico santo andr\u00e9 medi\u00e7\u00e3o de resultados gest\u00e3o de campanhas","og_url":"https:\/\/ingraphics.com.br\/marketing\/politica-de-privacidade\/","og_site_name":"Ingraphics Ag\u00eancia Digital","article_publisher":"https:\/\/www.facebook.com\/ingraphicsbr","article_modified_time":"2021-08-13T14:24:26+00:00","og_image":[{"width":1200,"height":630,"url":"https:\/\/ingraphics.com.br\/marketing\/wp-content\/uploads\/2020\/10\/tamanho-facebook-1200-630-1.png","type":"image\/png"}],"twitter_card":"summary_large_image","twitter_title":"Ingraphics Ag\u00eancia Digital","twitter_description":"marketing digital ag\u00eancia digital desenvolvimento web design gr\u00e1fico santo andr\u00e9 medi\u00e7\u00e3o de resultados gest\u00e3o de campanhas","twitter_image":"https:\/\/ingraphics.com.br\/marketing\/wp-content\/uploads\/2020\/10\/tamanho-twitter-1024-512-1.png","twitter_misc":{"Est. tempo de leitura":"2 minutos"},"schema":{"@context":"https:\/\/schema.org","@graph":[{"@type":"WebPage","@id":"https:\/\/ingraphics.com.br\/marketing\/politica-de-privacidade\/","url":"https:\/\/ingraphics.com.br\/marketing\/politica-de-privacidade\/","name":"Ingraphics Ag\u00eancia Digital | Pol\u00edtica de privacidade | Regi\u00e3o do ABC","isPartOf":{"@id":"https:\/\/ingraphics.com.br\/marketing\/#website"},"primaryImageOfPage":{"@id":"https:\/\/ingraphics.com.br\/marketing\/politica-de-privacidade\/#primaryimage"},"image":{"@id":"https:\/\/ingraphics.com.br\/marketing\/politica-de-privacidade\/#primaryimage"},"thumbnailUrl":"https:\/\/ingraphics.com.br\/marketing\/wp-content\/uploads\/2020\/10\/tamanho-default-1080-1080-1.png","datePublished":"2020-10-02T16:09:24+00:00","dateModified":"2021-08-13T14:24:26+00:00","description":"marketing digital ag\u00eancia digital desenvolvimento web design gr\u00e1fico santo andr\u00e9 medi\u00e7\u00e3o de resultados gest\u00e3o de campanhas","breadcrumb":{"@id":"https:\/\/ingraphics.com.br\/marketing\/politica-de-privacidade\/#breadcrumb"},"inLanguage":"pt-BR","potentialAction":[{"@type":"ReadAction","target":["https:\/\/ingraphics.com.br\/marketing\/politica-de-privacidade\/"]}]},{"@type":"ImageObject","inLanguage":"pt-BR","@id":"https:\/\/ingraphics.com.br\/marketing\/politica-de-privacidade\/#primaryimage","url":"https:\/\/ingraphics.com.br\/marketing\/wp-content\/uploads\/2020\/10\/tamanho-default-1080-1080-1.png","contentUrl":"https:\/\/ingraphics.com.br\/marketing\/wp-content\/uploads\/2020\/10\/tamanho-default-1080-1080-1.png","width":1080,"height":1080,"caption":"Ingraphics Ag\u00eancia Digital"},{"@type":"BreadcrumbList","@id":"https:\/\/ingraphics.com.br\/marketing\/politica-de-privacidade\/#breadcrumb","itemListElement":[{"@type":"ListItem","position":1,"name":"In\u00edcio","item":"https:\/\/ingraphics.com.br\/marketing\/"},{"@type":"ListItem","position":2,"name":"Pol\u00edtica de privacidade"}]},{"@type":"WebSite","@id":"https:\/\/ingraphics.com.br\/marketing\/#website","url":"https:\/\/ingraphics.com.br\/marketing\/","name":"Ingraphics Ag\u00eancia Digital","description":"CONQUISTE OS CLIENTES IDEAIS E VENDA MUITO MAIS!","publisher":{"@id":"https:\/\/ingraphics.com.br\/marketing\/#organization"},"potentialAction":[{"@type":"SearchAction","target":{"@type":"EntryPoint","urlTemplate":"https:\/\/ingraphics.com.br\/marketing\/?s={search_term_string}"},"query-input":{"@type":"PropertyValueSpecification","valueRequired":true,"valueName":"search_term_string"}}],"inLanguage":"pt-BR"},{"@type":"Organization","@id":"https:\/\/ingraphics.com.br\/marketing\/#organization","name":"Ingraphics Solu\u00e7\u00f5es & Imagens","url":"https:\/\/ingraphics.com.br\/marketing\/","logo":{"@type":"ImageObject","inLanguage":"pt-BR","@id":"https:\/\/ingraphics.com.br\/marketing\/#\/schema\/logo\/image\/","url":"https:\/\/ingraphics.com.br\/marketing\/wp-content\/uploads\/2020\/08\/logo_site-02.png","contentUrl":"https:\/\/ingraphics.com.br\/marketing\/wp-content\/uploads\/2020\/08\/logo_site-02.png","width":3508,"height":2480,"caption":"Ingraphics Solu\u00e7\u00f5es & Imagens"},"image":{"@id":"https:\/\/ingraphics.com.br\/marketing\/#\/schema\/logo\/image\/"},"sameAs":["https:\/\/www.facebook.com\/ingraphicsbr","https:\/\/www.instagram.com\/ingraphicsad\/"]}]}},"_links":{"self":[{"href":"https:\/\/ingraphics.com.br\/marketing\/wp-json\/wp\/v2\/pages\/694","targetHints":{"allow":["GET"]}}],"collection":[{"href":"https:\/\/ingraphics.com.br\/marketing\/wp-json\/wp\/v2\/pages"}],"about":[{"href":"https:\/\/ingraphics.com.br\/marketing\/wp-json\/wp\/v2\/types\/page"}],"author":[{"embeddable":true,"href":"https:\/\/ingraphics.com.br\/marketing\/wp-json\/wp\/v2\/users\/1"}],"replies":[{"embeddable":true,"href":"https:\/\/ingraphics.com.br\/marketing\/wp-json\/wp\/v2\/comments?post=694"}],"version-history":[{"count":26,"href":"https:\/\/ingraphics.com.br\/marketing\/wp-json\/wp\/v2\/pages\/694\/revisions"}],"predecessor-version":[{"id":1507,"href":"https:\/\/ingraphics.com.br\/marketing\/wp-json\/wp\/v2\/pages\/694\/revisions\/1507"}],"wp:featuredmedia":[{"embeddable":true,"href":"https:\/\/ingraphics.com.br\/marketing\/wp-json\/wp\/v2\/media\/749"}],"wp:attachment":[{"href":"https:\/\/ingraphics.com.br\/marketing\/wp-json\/wp\/v2\/media?parent=694"}],"curies":[{"name":"wp","href":"https:\/\/api.w.org\/{rel}","templated":true}]}}